{"id":918,"date":"2023-08-15T16:22:27","date_gmt":"2023-08-15T21:22:27","guid":{"rendered":"https:\/\/pneumolightconference.com\/?page_id=918"},"modified":"2023-08-31T20:30:01","modified_gmt":"2023-09-01T01:30:01","slug":"general-information","status":"publish","type":"page","link":"https:\/\/pneumolightconference.com\/es\/general-information\/","title":{"rendered":"Info. General"},"content":{"rendered":"<div data-elementor-type=\"wp-post\" data-elementor-id=\"918\" class=\"elementor elementor-918\">\n\t\t\t\t\t\t\t\t\t<section class=\"elementor-section elementor-top-section elementor-element elementor-element-e36a785 elementor-section-full_width elementor-section-height-default elementor-section-height-default\" data-id=\"e36a785\" data-element_type=\"section\">\n\t\t\t\t\t\t<div class=\"elementor-container elementor-column-gap-no\">\n\t\t\t\t\t<div class=\"elementor-column elementor-col-100 elementor-top-column elementor-element elementor-element-a4d5445\" data-id=\"a4d5445\" data-element_type=\"column\">\n\t\t\t<div class=\"elementor-widget-wrap elementor-element-populated\">\n\t\t\t\t\t\t\t\t<div class=\"elementor-element elementor-element-5239a42 elementor-align-center elementor-widget elementor-widget-bdevs-banner-other\" data-id=\"5239a42\" data-element_type=\"widget\" data-widget_type=\"bdevs-banner-other.default\">\n\t\t\t\t<div class=\"elementor-widget-container\">\n\t\t\t  \n\t\t<h2 style=\"display: none;\">11111<\/h2>\n\t<section class=\"page-title\" style=\"background-image:url(https:\/\/pneumolightconference.com\/wp-content\/uploads\/2023\/08\/lung-Back4.jpg);\">\n\n        <div class=\"auto-container\">\n\n        \t\n            <h1>Info. General<\/h1>\n\n            \n            <ul class=\"bread-crumb clearfix\">\n\n                <li><a href=\"https:\/\/pneumolightconference.com\/es\/\">Inicio<\/a><\/li>\n\n                \n                <li>Info. General<\/li>\n\n                \n            <\/ul>\n\n        <\/div>\n\n    <\/section>\n\n\t\t\t<\/div>\n\t\t\t\t<\/div>\n\t\t\t\t\t<\/div>\n\t\t<\/div>\n\t\t\t\t\t\t\t<\/div>\n\t\t<\/section>\n\t\t\t\t<section class=\"elementor-section elementor-top-section elementor-element elementor-element-b4956e3 elementor-section-full_width elementor-section-height-default elementor-section-height-default\" data-id=\"b4956e3\" data-element_type=\"section\">\n\t\t\t\t\t\t<div class=\"elementor-container elementor-column-gap-no\">\n\t\t\t\t\t<div class=\"elementor-column elementor-col-100 elementor-top-column elementor-element elementor-element-a11afc1\" data-id=\"a11afc1\" data-element_type=\"column\">\n\t\t\t<div class=\"elementor-widget-wrap elementor-element-populated\">\n\t\t\t\t\t\t\t\t<div class=\"elementor-element elementor-element-f65783c elementor-align-left elementor-widget elementor-widget-bdevs-about\" data-id=\"f65783c\" data-element_type=\"widget\" data-widget_type=\"bdevs-about.default\">\n\t\t\t\t<div class=\"elementor-widget-container\">\n\t\t\t \n\t<h2 style=\"display: none;\">11111<\/h2>\n\t    <section class=\"about-section-two\">\n        <div class=\"anim-icons full-width\">\n            <span class=\"icon icon-circle-blue wow fadeIn\"><\/span>\n            <span class=\"icon icon-dots wow fadeInleft\"><\/span>\n            <span class=\"icon icon-circle-1 wow zoomIn\"><\/span>\n        <\/div>\n        <div class=\"auto-container\">\n            <div class=\"row\">\n                <!-- Content Column -->\n                <div class=\"content-column col-lg-6 col-md-12 col-sm-12 order-2\">\n                    <div class=\"inner-column\">\n                        <div class=\"sec-title\">\n                                                        <span class=\"title\">ACERCA DEL EVENTO<\/span>\n                                                                                    <h2>Bienvenidos a la 3.a Conferencia Global por el D\u00eda Mundial de la Neumon\u00eda<\/h2>\n                            \n                            \t\n                            <div class=\"text\">Queridos colegas, amigos y p\u00fablico general\n<br \/><br \/>Es un gran placer -como Presidenta de la Conferencia Global- darles la bienvenida a la 3.a \nConferencia Global por el D\u00eda Mundial de la Neumon\u00eda, que tendr\u00e1 lugar el 10 de noviembre del 2023 en Lima, Per\u00fa.\n<br \/><br \/>La neumon\u00eda es la mayor causa de muerte infecciosa en el mundo, solo en el a\u00f1o 2019 cobr\u00f3 2,5 millones de vidas, incluidos 672.000 ni\u00f1os menores de cinco a\u00f1os. Eso equivale a que muere una persona cada 13 segundos. No obstante, la neumon\u00eda continua siendo una enfermedad desatendida. La pandemia por la enfermedad del coronavirus (covid-19) ha puesto, claramente, las enfermedades del tracto respiratorio en el centro de la salud p\u00fablica. En el a\u00f1o 2021, la carga estimada de muertes por infecciones respiratorias, incluyendo la covid-19, fue la masiva cifra de 6 millones.\n<br \/><br \/>Con el lema de \u201cReducir la carga de la neumon\u00eda en las Am\u00e9ricas\u201d, la 3.a Conferencia Global por el D\u00eda Mundial de la Neumon\u00eda explorar\u00e1 el impacto de la neumon\u00eda en una regi\u00f3n en la que cada a\u00f1o mueren 323.000 personas, entre ellas 20.700 ni\u00f1os menores de cinco a\u00f1os de edad.\n<br \/><br \/>La neumon\u00eda es una enfermedad prevenible. A menos que actuemos ahora para reducir las muertes por neumon\u00eda, y con un alto riesgo de otra pandemia por infecciones respiratorias, millones de adultos y ni\u00f1os m\u00e1s morir\u00e1n de neumon\u00eda en la pr\u00f3xima d\u00e9cada.\n<br \/><br \/>\n<strong>Dra. Catia Cilloniz<br \/>\nPresidenta de la 3.a Conferencia Global por el D\u00eda Mundial de la Neumon\u00eda\n<br \/><br \/>\n<\/div>\n                                                    <\/div>\n                        <div class=\"row\">\n                            <div class=\"about-block col-lg-6 col-md-6 col-sm-12\">\n                                <div class=\"inner-box\">\n                                    <h4><span class=\"icon fa fa-map-marker-alt\"><\/span> \u00bfDonde?<\/h4>\n                                    <div class=\"text\">Lima, Per\u00fa y virtualmente<\/div>\n                                <\/div>\n                            <\/div>\n                            <div class=\"about-block col-lg-6 col-md-6 col-sm-12\">\n                                <div class=\"inner-box\">\n                                    <h4><span class=\"icon fa fa-clock\"><\/span> \u00bfCuando?<\/h4>\n                                    <div class=\"text\">Noviembre 10, 2023 08:00 am<\/div>\n                                <\/div>\n                            <\/div>                        <\/div>\n                         \n                        <div class=\"btn-box\"><a href=\"#\" class=\"theme-btn btn-style-three\"><span class=\"btn-title\">Inscr\u00edbase ahora<\/span><\/a><\/div>\n                                            <\/div>\n                <\/div>\n\n                <!-- Image Column -->\n                                <div class=\"image-column col-lg-6 col-md-12 col-sm-12\">\n                    <div class=\"image-box\">\n                        <figure class=\"image wow fadeIn\"><img decoding=\"async\" src=\"https:\/\/pneumolightconference.com\/wp-content\/uploads\/2023\/08\/DraCatiad.png\" alt=\"\"><\/figure>\n                    <\/div>\n                <\/div>\n                            <\/div>\n        <\/div>\n    <\/section>\t\n    \t\n\t\t\t<\/div>\n\t\t\t\t<\/div>\n\t\t\t\t\t<\/div>\n\t\t<\/div>\n\t\t\t\t\t\t\t<\/div>\n\t\t<\/section>\n\t\t\t\t<section class=\"elementor-section elementor-top-section elementor-element elementor-element-e22a63e elementor-section-full_width elementor-section-height-default elementor-section-height-default\" data-id=\"e22a63e\" data-element_type=\"section\">\n\t\t\t\t\t\t<div class=\"elementor-container elementor-column-gap-no\">\n\t\t\t\t\t<div class=\"elementor-column elementor-col-100 elementor-top-column elementor-element elementor-element-578236a\" data-id=\"578236a\" data-element_type=\"column\">\n\t\t\t<div class=\"elementor-widget-wrap elementor-element-populated\">\n\t\t\t\t\t\t\t\t<div class=\"elementor-element elementor-element-ff15569 elementor-align-center elementor-widget elementor-widget-bdevs-features3\" data-id=\"ff15569\" data-element_type=\"widget\" data-widget_type=\"bdevs-features3.default\">\n\t\t\t\t<div class=\"elementor-widget-container\">\n\t\t\t  \n\t\t<h2 style=\"display: none;\">11111<\/h2>\n\t\t<section class=\"features-section-three no-pd-top\">\n\n        <div class=\"auto-container\">\n\n            <div class=\"row\">\n\n                <!-- Feature Block -->\n\n                \n                <div class=\"feature-block-three col-lg-6 col-md-12 col-sm-12 wow fadeInUp\" data-wow-delay=\"0\">\n\n                    <div class=\"inner-box\">\n\n                    \t\n                        <div class=\"icon-box\"><span class=\"icon flaticon-lecture\"><\/span><\/div>\n\n                        \n                        \n                        <h4><a href=\"\">Grandes conferencistas<\/a><\/h4>\n\n                        \n                        \n                        <div class=\"text\">Ponentes de m\u00faltiples partes del mundo reunidos en un solo lugar<\/div>\n\n                        \n                        <div class=\"link-box\"><a href=\"\" class=\"theme-btn\"><span class=\"fa fa-angle-right\"><\/span><\/a><\/div>\n\n                    <\/div>\n\n                <\/div>\n\n                \n                <div class=\"feature-block-three col-lg-6 col-md-12 col-sm-12 wow fadeInUp\" data-wow-delay=\"0\">\n\n                    <div class=\"inner-box\">\n\n                    \t\n                        <div class=\"icon-box\"><span class=\"icon flaticon-search\"><\/span><\/div>\n\n                        \n                        \n                        <h4><a href=\"\">Experiencia<\/a><\/h4>\n\n                        \n                        \n                        <div class=\"text\">Ponentes con amplia experiencia y un programa acad\u00e9mico relevante<\/div>\n\n                        \n                        <div class=\"link-box\"><a href=\"\" class=\"theme-btn\"><span class=\"fa fa-angle-right\"><\/span><\/a><\/div>\n\n                    <\/div>\n\n                <\/div>\n\n                \n                <div class=\"feature-block-three col-lg-6 col-md-12 col-sm-12 wow fadeInUp\" data-wow-delay=\"400\">\n\n                    <div class=\"inner-box\">\n\n                    \t\n                        <div class=\"icon-box\"><span class=\"icon flaticon-diamond-1\"><\/span><\/div>\n\n                        \n                        \n                        <h4><a href=\"\">Red de trabajo<\/a><\/h4>\n\n                        \n                        \n                        <div class=\"text\">Contacto con cientos de colegas especializados en diferentes \u00e1reas de la salud<\/div>\n\n                        \n                        <div class=\"link-box\"><a href=\"\" class=\"theme-btn\"><span class=\"fa fa-angle-right\"><\/span><\/a><\/div>\n\n                    <\/div>\n\n                <\/div>\n\n                \n                <div class=\"feature-block-three col-lg-6 col-md-12 col-sm-12 wow fadeInUp\" data-wow-delay=\"800\">\n\n                    <div class=\"inner-box\">\n\n                    \t\n                        <div class=\"icon-box\"><span class=\"icon flaticon-smartphone\"><\/span><\/div>\n\n                        \n                        \n                        <h4><a href=\"\">Asistencia<\/a><\/h4>\n\n                        \n                        \n                        <div class=\"text\">Desde cualquier parte del mundo, solo necesitas un dispositivo y conexi\u00f3n a internet<\/div>\n\n                        \n                        <div class=\"link-box\"><a href=\"\" class=\"theme-btn\"><span class=\"fa fa-angle-right\"><\/span><\/a><\/div>\n\n                    <\/div>\n\n                <\/div>\n\n                \n                <!-- Feature Block -->\n\n                \n\n            <\/div>\n\n        <\/div>\n\n    <\/section>\n\n\t\t\t<\/div>\n\t\t\t\t<\/div>\n\t\t\t\t\t<\/div>\n\t\t<\/div>\n\t\t\t\t\t\t\t<\/div>\n\t\t<\/section>\n\t\t\t\t\t\t\t<\/div>","protected":false},"excerpt":{"rendered":"<p>11111 General Information Home General Information 11111 ABOUT EVENT Welcome to the 3rd Global Conference for World Pneumonia Day Dear Colleagues, Friends, and General Public It is a great pleasure \u2013as the Global Conference Chair\u2013 to welcome you to the 3rd Global Conference for World Pneumonia Day, which takes place on November 10th, 2023 in [&hellip;]<\/p>","protected":false},"author":1,"featured_media":0,"parent":0,"menu_order":0,"comment_status":"closed","ping_status":"closed","template":"page-templates\/home-4.php","meta":{"footnotes":""},"_links":{"self":[{"href":"https:\/\/pneumolightconference.com\/es\/wp-json\/wp\/v2\/pages\/918"}],"collection":[{"href":"https:\/\/pneumolightconference.com\/es\/wp-json\/wp\/v2\/pages"}],"about":[{"href":"https:\/\/pneumolightconference.com\/es\/wp-json\/wp\/v2\/types\/page"}],"author":[{"embeddable":true,"href":"https:\/\/pneumolightconference.com\/es\/wp-json\/wp\/v2\/users\/1"}],"replies":[{"embeddable":true,"href":"https:\/\/pneumolightconference.com\/es\/wp-json\/wp\/v2\/comments?post=918"}],"version-history":[{"count":29,"href":"https:\/\/pneumolightconference.com\/es\/wp-json\/wp\/v2\/pages\/918\/revisions"}],"predecessor-version":[{"id":1695,"href":"https:\/\/pneumolightconference.com\/es\/wp-json\/wp\/v2\/pages\/918\/revisions\/1695"}],"wp:attachment":[{"href":"https:\/\/pneumolightconference.com\/es\/wp-json\/wp\/v2\/media?parent=918"}],"curies":[{"name":"wp","href":"https:\/\/api.w.org\/{rel}","templated":true}]}}